{"id":146,"date":"2022-11-14T16:15:46","date_gmt":"2022-11-14T16:15:46","guid":{"rendered":"http:\/\/carlosfranciscoecheverria.com\/?page_id=146"},"modified":"2023-08-31T19:15:13","modified_gmt":"2023-08-31T19:15:13","slug":"prensa","status":"publish","type":"page","link":"https:\/\/carlosfranciscoecheverria.com\/?page_id=146","title":{"rendered":"Prensa"},"content":{"rendered":"\n<ul class=\"wp-block-list\">\n<li><strong>Hablando Claro<\/strong> [Radio\/Podcast]. <a href=\"https:\/\/www.hablandoclarocr.com\/index.php\/programas\/2084-30-agosto-efectos-de-una-mala-alimentacion-con-carlos-francisco-echeverria\"> 30 agosto: Efectos de una mala alimentaci\u00f3n. Con Carlos Francisco Echeverr\u00eda<\/a><br><\/li>\n\n\n\n<li><strong>De la Ra\u00edz al Plato<\/strong> [<em>Revista\u00a0digital sobre alimentaci\u00f3n &amp; medio ambiente<\/em>]. <a rel=\"noreferrer noopener\" href=\"https:\/\/delaraizalplato.cl\/articulos\/falta-gente-en-la-mesa\/\" target=\"_blank\">Falta gente en la mesa<\/a> por Carlos Francisco Echeverr\u00eda.<br><\/li>\n\n\n\n<li><strong>El PutoCrack Club<\/strong> [Podcast]. Comentario de Lola Raig\u00f3n sobre el libro <em>Alimentos<\/em>: <em>La pr\u00f3xima transici\u00f3n<\/em> de Carlos Francisco Echeverr\u00eda (a partir de 1:35:25): <a rel=\"noreferrer noopener\" href=\"https:\/\/podcasts.apple.com\/gb\/podcast\/especial-navidad-el-putocrack-club-desde-veles-e-vents\/id1488271259?i=1000591224361\" target=\"_blank\">Especial Navidad El PutoCrack Club desde Veles e Vents<\/a><br><\/li>\n\n\n\n<li><strong>La Telara\u00f1a<\/strong> [Podcast]. <a href=\"https:\/\/open.spotify.com\/episode\/3ouq5NnArevwkqsD8b4Ubk\">El legado de Guido S\u00e1enz<\/a><br><\/li>\n\n\n\n<li><strong>Europapress<\/strong>. <a rel=\"noreferrer noopener\" href=\"https:\/\/www.europapress.es\/sociedad\/noticia-escritor-carlos-echeverria-cada-persona-debe-escoger-estrategia-combatir-cambio-climatico-20210602170733.html?fbclid=IwAR2Lm0cmW_AXUuJ5cmFBHWhDfIWF5-uHYlt4aC6fUdmwrrsFI4FNMpTHOs8\" target=\"_blank\">El escritor Carlos Echeverr\u00eda: &#8220;Cada persona debe escoger su estrategia para combatir el cambio clim\u00e1tico&#8221;<\/a><br><\/li>\n\n\n\n<li><strong>El Bien Social<\/strong>. <a rel=\"noreferrer noopener\" href=\"https:\/\/elbiensocial.org\/presentacion-del-libro-salvacion-estrategias-personales-ante-el-cambio-climatico\/\" target=\"_blank\">Presentaci\u00f3n del libro \u00abSalvaci\u00f3n: Estrategias personales ante el cambio clim\u00e1tico\u00bb<\/a><br><\/li>\n\n\n\n<li><strong>LaRevistaCR<\/strong>. <a rel=\"noreferrer noopener\" href=\"https:\/\/www.larevista.cr\/carlos-francisco-echeverria-salvacion-estrategias-personales-ante-el-cambio-climatico\/\" target=\"_blank\">Carlos Francisco Echeverr\u00eda: \u201cSalvaci\u00f3n: estrategias personales ante el cambio clim\u00e1tico\u201d<\/a><br><\/li>\n\n\n\n<li><strong>Hablando Claro<\/strong> [Radio\/Podcast]. <a rel=\"noreferrer noopener\" href=\"https:\/\/www.hablandoclarocr.com\/index.php\/programas\/1571-31-agosto-nuestras-responsabilidades-en-el-gigantesco-desafio-del-cambio-climatico-con-carlos-francisco-echeverria\" target=\"_blank\">31 agosto: Nuestras responsabilidades en el gigantesco desaf\u00edo del cambio clim\u00e1tico. Con Carlos Francisco Echeverr\u00eda<\/a><br><\/li>\n\n\n\n<li><strong>Pr\u00f3xima Frontera<\/strong> [Podcast]. <a rel=\"noreferrer noopener\" href=\"https:\/\/share.transistor.fm\/s\/8a5842cf\" target=\"_blank\">Salvaci\u00f3n: Estrategias personales para el cambio clim\u00e1tico con Carlos Francisco Echeverr\u00eda<\/a><br><\/li>\n\n\n\n<li><strong>Seguimos Ley\u00e9ndonos<\/strong> [Podcast]. <a rel=\"noreferrer noopener\" href=\"https:\/\/go.ivoox.com\/rf\/56009702\" target=\"_blank\">Salvaci\u00f3n<\/a><br><\/li>\n\n\n\n<li><strong>Librer\u00eda Internacional<\/strong>. <a rel=\"noreferrer noopener\" href=\"https:\/\/youtu.be\/sZuB-shdpIc\" target=\"_blank\">Presentaci\u00f3n del libro Los pocos sabios &#8211; Hablemos de Libros El Festival 2020<\/a><\/li>\n<\/ul>\n","protected":false},"excerpt":{"rendered":"","protected":false},"author":1,"featured_media":0,"parent":0,"menu_order":0,"comment_status":"closed","ping_status":"closed","template":"","meta":{"footnotes":""},"class_list":["post-146","page","type-page","status-publish","hentry"],"_links":{"self":[{"href":"https:\/\/carlosfranciscoecheverria.com\/index.php?rest_route=\/wp\/v2\/pages\/146","targetHints":{"allow":["GET"]}}],"collection":[{"href":"https:\/\/carlosfranciscoecheverria.com\/index.php?rest_route=\/wp\/v2\/pages"}],"about":[{"href":"https:\/\/carlosfranciscoecheverria.com\/index.php?rest_route=\/wp\/v2\/types\/page"}],"author":[{"embeddable":true,"href":"https:\/\/carlosfranciscoecheverria.com\/index.php?rest_route=\/wp\/v2\/users\/1"}],"replies":[{"embeddable":true,"href":"https:\/\/carlosfranciscoecheverria.com\/index.php?rest_route=%2Fwp%2Fv2%2Fcomments&post=146"}],"version-history":[{"count":14,"href":"https:\/\/carlosfranciscoecheverria.com\/index.php?rest_route=\/wp\/v2\/pages\/146\/revisions"}],"predecessor-version":[{"id":545,"href":"https:\/\/carlosfranciscoecheverria.com\/index.php?rest_route=\/wp\/v2\/pages\/146\/revisions\/545"}],"wp:attachment":[{"href":"https:\/\/carlosfranciscoecheverria.com\/index.php?rest_route=%2Fwp%2Fv2%2Fmedia&parent=146"}],"curies":[{"name":"wp","href":"https:\/\/api.w.org\/{rel}","templated":true}]}}