{"id":149,"date":"2022-11-14T16:27:38","date_gmt":"2022-11-14T16:27:38","guid":{"rendered":"http:\/\/carlosfranciscoecheverria.com\/?page_id=149"},"modified":"2025-04-25T15:59:24","modified_gmt":"2025-04-25T15:59:24","slug":"otros","status":"publish","type":"page","link":"https:\/\/carlosfranciscoecheverria.com\/?page_id=149","title":{"rendered":"Otros"},"content":{"rendered":"\n<h2 class=\"wp-block-heading\">Arte<\/h2>\n\n\n\n<h3 class=\"wp-block-heading\"><strong>Arte costarricense del siglo XX<\/strong><\/h3>\n\n\n\n<p><strong>Premio AICA 2024 a la Mejor Investigaci\u00f3n Te\u00f3rico-Est\u00e9tica<\/strong><\/p>\n\n\n\n<div class=\"wp-block-columns is-layout-flex wp-container-core-columns-is-layout-9d6595d7 wp-block-columns-is-layout-flex\">\n<div class=\"wp-block-column is-layout-flow wp-block-column-is-layout-flow\">\n<figure class=\"wp-block-image size-full\"><img loading=\"lazy\" decoding=\"async\" width=\"1146\" height=\"1143\" src=\"https:\/\/carlosfranciscoecheverria.com\/wp-content\/uploads\/2025\/04\/acs20_amazon.jpeg\" alt=\"\" class=\"wp-image-580\" srcset=\"https:\/\/carlosfranciscoecheverria.com\/wp-content\/uploads\/2025\/04\/acs20_amazon.jpeg 1146w, https:\/\/carlosfranciscoecheverria.com\/wp-content\/uploads\/2025\/04\/acs20_amazon-300x300.jpeg 300w, https:\/\/carlosfranciscoecheverria.com\/wp-content\/uploads\/2025\/04\/acs20_amazon-1024x1021.jpeg 1024w, https:\/\/carlosfranciscoecheverria.com\/wp-content\/uploads\/2025\/04\/acs20_amazon-150x150.jpeg 150w, https:\/\/carlosfranciscoecheverria.com\/wp-content\/uploads\/2025\/04\/acs20_amazon-768x766.jpeg 768w\" sizes=\"auto, (max-width: 709px) 85vw, (max-width: 909px) 67vw, (max-width: 1362px) 62vw, 840px\" \/><\/figure>\n<\/div>\n\n\n\n<div class=\"wp-block-column is-layout-flow wp-block-column-is-layout-flow\">\n<p class=\"has-small-font-size\">Como tantos aspectos de su historia y su cultura, el arte de Costa Rica es singular. Relativamente conservador respecto de las vanguardias del siglo XX, tiene sin embargo una personalidad propia y vigorosa. Aunque algunos de sus artistas han alcanzado relieve internacional, en general el arte costarricense responde a la sensibilidad y los intereses de la sociedad en que se origina. <br><br>Curadores y cr\u00edticos han publicado, en los \u00faltimos lustros, valiosos estudios monogr\u00e1ficos sobre diversos artistas artistas y movimientos. Hac\u00eda falta, sin embargo, una visi\u00f3n panor\u00e1mica del desarrollo del arte costarricense en siglo XX. Para llenar ese vac\u00edo, Carlos Francisco Echeverr\u00eda reuni\u00f3 y revis\u00f3 muchos de los textos que ha escrito sobre el tema a lo largo de casi cincuenta a\u00f1os. <br><br>Una editorial privada, Abyad, y una estatal y universidad, EUNED, han unido esfuerzos para poner esta valiosa fuente de informaci\u00f3n, ampliamente ilustrada, al alcance del p\u00fablico lector. <\/p>\n<\/div>\n<\/div>\n\n\n\n<div class=\"wp-block-columns is-layout-flex wp-container-core-columns-is-layout-9d6595d7 wp-block-columns-is-layout-flex\">\n<div class=\"wp-block-column is-layout-flow wp-block-column-is-layout-flow\" style=\"flex-basis:100%\"><\/div>\n<\/div>\n\n\n\n<h2 class=\"wp-block-heading\">Turismo<\/h2>\n\n\n\n<h3 class=\"wp-block-heading\">Planificaci\u00f3n del turismo sostenible<\/h3>\n\n\n\n<div class=\"wp-block-columns alignfull is-layout-flex wp-container-core-columns-is-layout-9d6595d7 wp-block-columns-is-layout-flex\">\n<div class=\"wp-block-column is-layout-flow wp-block-column-is-layout-flow\" style=\"flex-basis:50%\">\n<div class=\"wp-block-cover is-light\" style=\"min-height:600px;aspect-ratio:unset;\"><span aria-hidden=\"true\" class=\"wp-block-cover__background has-yellow-background-color has-background-dim-100 has-background-dim\"><\/span><div class=\"wp-block-cover__inner-container is-layout-flow wp-block-cover-is-layout-flow\"><div class=\"wp-block-image\">\n<figure class=\"aligncenter size-full\"><img loading=\"lazy\" decoding=\"async\" width=\"459\" height=\"720\" src=\"http:\/\/carlosfranciscoecheverria.com\/wp-content\/uploads\/2022\/11\/turismo_portada.jpeg\" alt=\"\" class=\"wp-image-181\" srcset=\"https:\/\/carlosfranciscoecheverria.com\/wp-content\/uploads\/2022\/11\/turismo_portada.jpeg 459w, https:\/\/carlosfranciscoecheverria.com\/wp-content\/uploads\/2022\/11\/turismo_portada-191x300.jpeg 191w\" sizes=\"auto, (max-width: 459px) 85vw, 459px\" \/><\/figure>\n<\/div><\/div><\/div>\n<\/div>\n\n\n\n<div class=\"wp-block-column is-vertically-aligned-center is-layout-flow wp-block-column-is-layout-flow\" style=\"padding-top:1em;padding-right:1em;padding-bottom:1em;padding-left:1em\">\n<div class=\"wp-block-columns is-layout-flex wp-container-core-columns-is-layout-9d6595d7 wp-block-columns-is-layout-flex\">\n<div class=\"wp-block-column is-layout-flow wp-block-column-is-layout-flow\" style=\"flex-basis:320px\">\n<p style=\"font-size:15px;line-height:2.4\">Publicado en el 2010 por Uruk Editores, <strong>Planificaci\u00f3n del turismo sostenible<\/strong> es un libro de car\u00e1cter pr\u00e1ctico, dirigido a  profesionales y estudiantes de turismo, que aborda con claridad y concisi\u00f3n la metodolog\u00eda para planificar distintas modalidades de desarrollo tur\u00edstico. <br><br><\/p>\n<\/div>\n<\/div>\n<\/div>\n<\/div>\n","protected":false},"excerpt":{"rendered":"<p>Arte Arte costarricense del siglo XX Premio AICA 2024 a la Mejor Investigaci\u00f3n Te\u00f3rico-Est\u00e9tica Como tantos aspectos de su historia y su cultura, el arte de Costa Rica es singular. Relativamente conservador respecto de las vanguardias del siglo XX, tiene sin embargo una personalidad propia y vigorosa. Aunque algunos de sus artistas han alcanzado relieve &hellip; <a href=\"https:\/\/carlosfranciscoecheverria.com\/?page_id=149\" class=\"more-link\">Continue reading<span class=\"screen-reader-text\"> &#8220;Otros&#8221;<\/span><\/a><\/p>\n","protected":false},"author":1,"featured_media":0,"parent":0,"menu_order":0,"comment_status":"closed","ping_status":"closed","template":"","meta":{"footnotes":""},"class_list":["post-149","page","type-page","status-publish","hentry"],"_links":{"self":[{"href":"https:\/\/carlosfranciscoecheverria.com\/index.php?rest_route=\/wp\/v2\/pages\/149","targetHints":{"allow":["GET"]}}],"collection":[{"href":"https:\/\/carlosfranciscoecheverria.com\/index.php?rest_route=\/wp\/v2\/pages"}],"about":[{"href":"https:\/\/carlosfranciscoecheverria.com\/index.php?rest_route=\/wp\/v2\/types\/page"}],"author":[{"embeddable":true,"href":"https:\/\/carlosfranciscoecheverria.com\/index.php?rest_route=\/wp\/v2\/users\/1"}],"replies":[{"embeddable":true,"href":"https:\/\/carlosfranciscoecheverria.com\/index.php?rest_route=%2Fwp%2Fv2%2Fcomments&post=149"}],"version-history":[{"count":13,"href":"https:\/\/carlosfranciscoecheverria.com\/index.php?rest_route=\/wp\/v2\/pages\/149\/revisions"}],"predecessor-version":[{"id":583,"href":"https:\/\/carlosfranciscoecheverria.com\/index.php?rest_route=\/wp\/v2\/pages\/149\/revisions\/583"}],"wp:attachment":[{"href":"https:\/\/carlosfranciscoecheverria.com\/index.php?rest_route=%2Fwp%2Fv2%2Fmedia&parent=149"}],"curies":[{"name":"wp","href":"https:\/\/api.w.org\/{rel}","templated":true}]}}