{"id":53,"date":"2022-11-02T05:06:08","date_gmt":"2022-11-02T05:06:08","guid":{"rendered":"http:\/\/carlosfranciscoecheverria.com\/?page_id=53"},"modified":"2023-10-23T22:47:00","modified_gmt":"2023-10-23T22:47:00","slug":"libros","status":"publish","type":"page","link":"https:\/\/carlosfranciscoecheverria.com\/?page_id=53","title":{"rendered":"Libros"},"content":{"rendered":"\n<figure class=\"wp-block-table aligncenter is-style-regular\"><table class=\"has-background\" style=\"background-color:#ffffff00\"><tbody><tr><td class=\"has-text-align-left\" data-align=\"left\"><strong><a href=\"https:\/\/carlosfranciscoecheverria.com\/?page_id=80\" target=\"_blank\" rel=\"noreferrer noopener\">Alimentos: La pr\u00f3xima transici\u00f3n<\/a><\/strong><\/td><td><a href=\"https:\/\/a.co\/d\/dVlBLuX\" target=\"_blank\" rel=\"noreferrer noopener\"><em>Comprar<\/em><\/a><\/td><\/tr><tr><td class=\"has-text-align-left\" data-align=\"left\"><a href=\"https:\/\/carlosfranciscoecheverria.com\/\"><strong>Food: The Next Global Transition<\/strong><\/a><\/td><td><a href=\"https:\/\/a.co\/d\/bg3rOAA\"><em>Buy<\/em><\/a><\/td><\/tr><tr><td class=\"has-text-align-left\" data-align=\"left\"><strong><a href=\"https:\/\/carlosfranciscoecheverria.com\/?page_id=77\" target=\"_blank\" rel=\"noreferrer noopener\">Salvaci\u00f3n: <br>Estrategias personales ante el cambio clim\u00e1tico<\/a><\/strong><\/td><td><em><a href=\"https:\/\/libros.com\/comprar\/salvacion\/\" target=\"_blank\" rel=\"noreferrer noopener\">Comprar<\/a><\/em><\/td><\/tr><tr><td class=\"has-text-align-left\" data-align=\"left\"><strong><a href=\"https:\/\/carlosfranciscoecheverria.com\/?page_id=68\" target=\"_blank\" rel=\"noreferrer noopener\">Los pocos sabios: <br>El Buda, Lao Tse, Jes\u00fas<\/a><\/strong><\/td><td><em><a href=\"https:\/\/urukeditores.com\/libros\/los-pocos-sabios\/\" target=\"_blank\" rel=\"noreferrer noopener\">Comprar<\/a><\/em><\/td><\/tr><tr><td class=\"has-text-align-left\" data-align=\"left\"><a href=\"https:\/\/carlosfranciscoecheverria.com\/?page_id=68\" target=\"_blank\" rel=\"noreferrer noopener\"><strong>A Few Wise Men<\/strong>: <br><strong>The Teaching of The Buddha &#8211; Lao Tse- Jesus of Nazareth<\/strong><\/a><\/td><td><em><a href=\"https:\/\/a.co\/d\/1pOxOkb\" target=\"_blank\" rel=\"noreferrer noopener\">Buy<\/a><\/em><\/td><\/tr><tr><td class=\"has-text-align-left\" data-align=\"left\"><a href=\"https:\/\/carlosfranciscoecheverria.com\/?page_id=149\" target=\"_blank\" rel=\"noreferrer noopener\"><strong>Arte costarricense del siglo XX<\/strong>: <strong>Historia cr\u00edtica<\/strong><\/a><\/td><td><em><a href=\"https:\/\/www.editorialcostarica.com\/catalogo\/1950\" target=\"_blank\" rel=\"noreferrer noopener\">Comprar<\/a><\/em><\/td><\/tr><\/tbody><\/table><\/figure>\n","protected":false},"excerpt":{"rendered":"<p>Alimentos: La pr\u00f3xima transici\u00f3n Comprar Food: The Next Global Transition Buy Salvaci\u00f3n: Estrategias personales ante el cambio clim\u00e1tico Comprar Los pocos sabios: El Buda, Lao Tse, Jes\u00fas Comprar A Few Wise Men: The Teaching of The Buddha &#8211; Lao Tse- Jesus of Nazareth Buy Arte costarricense del siglo XX: Historia cr\u00edtica Comprar<\/p>\n","protected":false},"author":1,"featured_media":0,"parent":0,"menu_order":0,"comment_status":"closed","ping_status":"closed","template":"","meta":{"footnotes":""},"class_list":["post-53","page","type-page","status-publish","hentry"],"_links":{"self":[{"href":"https:\/\/carlosfranciscoecheverria.com\/index.php?rest_route=\/wp\/v2\/pages\/53","targetHints":{"allow":["GET"]}}],"collection":[{"href":"https:\/\/carlosfranciscoecheverria.com\/index.php?rest_route=\/wp\/v2\/pages"}],"about":[{"href":"https:\/\/carlosfranciscoecheverria.com\/index.php?rest_route=\/wp\/v2\/types\/page"}],"author":[{"embeddable":true,"href":"https:\/\/carlosfranciscoecheverria.com\/index.php?rest_route=\/wp\/v2\/users\/1"}],"replies":[{"embeddable":true,"href":"https:\/\/carlosfranciscoecheverria.com\/index.php?rest_route=%2Fwp%2Fv2%2Fcomments&post=53"}],"version-history":[{"count":18,"href":"https:\/\/carlosfranciscoecheverria.com\/index.php?rest_route=\/wp\/v2\/pages\/53\/revisions"}],"predecessor-version":[{"id":570,"href":"https:\/\/carlosfranciscoecheverria.com\/index.php?rest_route=\/wp\/v2\/pages\/53\/revisions\/570"}],"wp:attachment":[{"href":"https:\/\/carlosfranciscoecheverria.com\/index.php?rest_route=%2Fwp%2Fv2%2Fmedia&parent=53"}],"curies":[{"name":"wp","href":"https:\/\/api.w.org\/{rel}","templated":true}]}}