{"id":77,"date":"2022-11-12T03:49:47","date_gmt":"2022-11-12T03:49:47","guid":{"rendered":"http:\/\/carlosfranciscoecheverria.com\/?page_id=77"},"modified":"2022-11-15T17:06:43","modified_gmt":"2022-11-15T17:06:43","slug":"salvacion-estrategias-personales-ante-el-cambio-climatico","status":"publish","type":"page","link":"https:\/\/carlosfranciscoecheverria.com\/?page_id=77","title":{"rendered":"Salvaci\u00f3n: Estrategias personales ante el cambio clim\u00e1tico"},"content":{"rendered":"\n<div class=\"wp-block-columns is-layout-flex wp-container-core-columns-is-layout-9d6595d7 wp-block-columns-is-layout-flex\">\n<div class=\"wp-block-column is-layout-flow wp-block-column-is-layout-flow\" style=\"flex-basis:100%\">\n<div class=\"wp-block-columns alignfull is-layout-flex wp-container-core-columns-is-layout-9d6595d7 wp-block-columns-is-layout-flex\">\n<div class=\"wp-block-column is-layout-flow wp-block-column-is-layout-flow\" style=\"flex-basis:50%\">\n<div class=\"wp-block-cover aligncenter is-light\"><span aria-hidden=\"true\" class=\"wp-block-cover__background has-background-dim-100 has-background-dim\" style=\"background-color:#e9f7ef\"><\/span><div class=\"wp-block-cover__inner-container is-layout-flow wp-block-cover-is-layout-flow\"><div class=\"wp-block-image\">\n<figure class=\"aligncenter size-full\"><img loading=\"lazy\" decoding=\"async\" width=\"366\" height=\"549\" src=\"http:\/\/carlosfranciscoecheverria.com\/wp-content\/uploads\/2022\/11\/salvacion.jpeg\" alt=\"\" class=\"wp-image-54\" srcset=\"https:\/\/carlosfranciscoecheverria.com\/wp-content\/uploads\/2022\/11\/salvacion.jpeg 366w, https:\/\/carlosfranciscoecheverria.com\/wp-content\/uploads\/2022\/11\/salvacion-200x300.jpeg 200w, https:\/\/carlosfranciscoecheverria.com\/wp-content\/uploads\/2022\/11\/salvacion-300x450.jpeg 300w\" sizes=\"auto, (max-width: 366px) 85vw, 366px\" \/><\/figure>\n<\/div>\n\n\n<figure class=\"wp-block-image size-full\"><img loading=\"lazy\" decoding=\"async\" width=\"960\" height=\"720\" src=\"http:\/\/carlosfranciscoecheverria.com\/wp-content\/uploads\/2022\/11\/presentacion_salvacion.jpeg\" alt=\"\" class=\"wp-image-134\" srcset=\"https:\/\/carlosfranciscoecheverria.com\/wp-content\/uploads\/2022\/11\/presentacion_salvacion.jpeg 960w, https:\/\/carlosfranciscoecheverria.com\/wp-content\/uploads\/2022\/11\/presentacion_salvacion-300x225.jpeg 300w, https:\/\/carlosfranciscoecheverria.com\/wp-content\/uploads\/2022\/11\/presentacion_salvacion-768x576.jpeg 768w\" sizes=\"auto, (max-width: 709px) 85vw, (max-width: 909px) 67vw, (max-width: 1362px) 62vw, 840px\" \/><figcaption class=\"wp-element-caption\">3 de junio, 2021. Presentaci\u00f3n del libro <strong>Salvaci\u00f3n<\/strong> en la Casa de Am\u00e9rica, Madrid.<\/figcaption><\/figure>\n\n\n\n<div style=\"height:22px\" aria-hidden=\"true\" class=\"wp-block-spacer\"><\/div>\n\n\n\n<p class=\"has-medium-font-size\" style=\"font-style:italic;font-weight:700\"><a href=\"https:\/\/libros.com\/comprar\/salvacion\/\" target=\"_blank\" rel=\"noreferrer noopener\">Comprar libro<\/a><\/p>\n\n\n\n<p class=\"has-medium-font-size\" style=\"font-style:italic;font-weight:700\"><a href=\"https:\/\/libros.com\/comprar\/salvacion\/\" target=\"_blank\" rel=\"noreferrer noopener\">Comprar ebook<\/a><\/p>\n<\/div><\/div>\n<\/div>\n\n\n\n<div class=\"wp-block-column is-vertically-aligned-center is-layout-flow wp-block-column-is-layout-flow\" style=\"padding-top:1em;padding-right:1em;padding-bottom:1em;padding-left:1em\">\n<div class=\"wp-block-columns is-layout-flex wp-container-core-columns-is-layout-9d6595d7 wp-block-columns-is-layout-flex\">\n<div class=\"wp-block-column is-layout-flow wp-block-column-is-layout-flow\" style=\"flex-basis:320px\">\n<p id=\"salvacion\" style=\"font-size:15px;line-height:1.7\">Se est\u00e1 librando una batalla a escala planetaria, de cuyo resultado depende gran parte de la vida en el planeta, y en particular el destino de nuestra especie. En un escenario de tales proporciones, es l\u00f3gico que nos preguntemos si nuestra acci\u00f3n personal puede ser de alguna manera relevante ante el cambio clim\u00e1tico Por supuesto que lo es, en tres sentidos: en el orden pol\u00edtico, nuestros votos y nuestra acci\u00f3n ciudadana son indispensables para que los gobiernos y parlamentos tomen las decisiones correctas; en el orden material, nuestra conducta como consumidores determina nuestra huella de carbono personal y familiar, y adem\u00e1s env\u00eda se\u00f1ales al mercado sobre el tipo de productos y servicios que queremos; y, finalmente, en el orden moral, lo que hagamos o dejemos de hacer por el ambiente nos justificar\u00e1 (o no) ante nuestra propia conciencia y ante las nuevas generaciones. <br><br><strong>Salvaci\u00f3n: Estrategias personales ante el cambio clim\u00e1tico<\/strong> ofrece las claves para reducir nuestra huella de carbono personal y familiar. <br><br><br><br><br><br><br><br><br><br><br><br><br><br><br><br><br><br><br><br><br><br><br><\/p>\n<\/div>\n<\/div>\n<\/div>\n<\/div>\n<\/div>\n<\/div>\n","protected":false},"excerpt":{"rendered":"<p>Se est\u00e1 librando una batalla a escala planetaria, de cuyo resultado depende gran parte de la vida en el planeta, y en particular el destino de nuestra especie. En un escenario de tales proporciones, es l\u00f3gico que nos preguntemos si nuestra acci\u00f3n personal puede ser de alguna manera relevante ante el cambio clim\u00e1tico Por supuesto &hellip; <a href=\"https:\/\/carlosfranciscoecheverria.com\/?page_id=77\" class=\"more-link\">Continue reading<span class=\"screen-reader-text\"> &#8220;Salvaci\u00f3n: Estrategias personales ante el cambio clim\u00e1tico&#8221;<\/span><\/a><\/p>\n","protected":false},"author":1,"featured_media":0,"parent":0,"menu_order":0,"comment_status":"closed","ping_status":"closed","template":"","meta":{"footnotes":""},"class_list":["post-77","page","type-page","status-publish","hentry"],"_links":{"self":[{"href":"https:\/\/carlosfranciscoecheverria.com\/index.php?rest_route=\/wp\/v2\/pages\/77","targetHints":{"allow":["GET"]}}],"collection":[{"href":"https:\/\/carlosfranciscoecheverria.com\/index.php?rest_route=\/wp\/v2\/pages"}],"about":[{"href":"https:\/\/carlosfranciscoecheverria.com\/index.php?rest_route=\/wp\/v2\/types\/page"}],"author":[{"embeddable":true,"href":"https:\/\/carlosfranciscoecheverria.com\/index.php?rest_route=\/wp\/v2\/users\/1"}],"replies":[{"embeddable":true,"href":"https:\/\/carlosfranciscoecheverria.com\/index.php?rest_route=%2Fwp%2Fv2%2Fcomments&post=77"}],"version-history":[{"count":12,"href":"https:\/\/carlosfranciscoecheverria.com\/index.php?rest_route=\/wp\/v2\/pages\/77\/revisions"}],"predecessor-version":[{"id":257,"href":"https:\/\/carlosfranciscoecheverria.com\/index.php?rest_route=\/wp\/v2\/pages\/77\/revisions\/257"}],"wp:attachment":[{"href":"https:\/\/carlosfranciscoecheverria.com\/index.php?rest_route=%2Fwp%2Fv2%2Fmedia&parent=77"}],"curies":[{"name":"wp","href":"https:\/\/api.w.org\/{rel}","templated":true}]}}