{"id":80,"date":"2022-11-12T04:12:23","date_gmt":"2022-11-12T04:12:23","guid":{"rendered":"http:\/\/carlosfranciscoecheverria.com\/?page_id=80"},"modified":"2025-04-25T17:40:58","modified_gmt":"2025-04-25T17:40:58","slug":"alimentos-la-proxima-transicion","status":"publish","type":"page","link":"https:\/\/carlosfranciscoecheverria.com\/?page_id=80","title":{"rendered":"Food: The Next Global Transition"},"content":{"rendered":"\n<div style=\"height:20px\" aria-hidden=\"true\" class=\"wp-block-spacer\"><\/div>\n\n\n\n<p class=\"has-text-align-center\">Modern food systems generate one third of the planet\u2019s greenhouse gas emissions, major biodiversity loss and widespread malnutrition. The world urgently needs a transition towards sustainable and healthier ways to produce food. <strong>This book describes how we got to this dire situation, and provides fully documented, science-based strategic outlooks for the future<\/strong>. If you have to make informed decisions on food, as a cook, a consumer or a policy maker, this book is for you.<\/p>\n\n\n\n<div class=\"wp-block-buttons is-content-justification-center is-layout-flex wp-container-core-buttons-is-layout-16018d1d wp-block-buttons-is-layout-flex\">\n<div class=\"wp-block-button\"><a class=\"wp-block-button__link has-background wp-element-button\" style=\"background-color:#8dcfcb\">now available On amazon<\/a><\/div>\n<\/div>\n\n\n\n<div style=\"height:42px\" aria-hidden=\"true\" class=\"wp-block-spacer\"><\/div>\n\n\n\n<div class=\"wp-block-group\"><div class=\"wp-block-group__inner-container is-layout-constrained wp-block-group-is-layout-constrained\">\n<figure class=\"wp-block-gallery has-nested-images columns-default is-cropped wp-block-gallery-1 is-layout-flex wp-block-gallery-is-layout-flex\">\n<figure class=\"wp-block-image size-large\"><img loading=\"lazy\" decoding=\"async\" width=\"683\" height=\"1024\" data-id=\"554\" src=\"https:\/\/carlosfranciscoecheverria.com\/wp-content\/uploads\/2023\/10\/food_cover-1-683x1024.jpg\" alt=\"\" class=\"wp-image-554\" srcset=\"https:\/\/carlosfranciscoecheverria.com\/wp-content\/uploads\/2023\/10\/food_cover-1-683x1024.jpg 683w, https:\/\/carlosfranciscoecheverria.com\/wp-content\/uploads\/2023\/10\/food_cover-1-200x300.jpg 200w, https:\/\/carlosfranciscoecheverria.com\/wp-content\/uploads\/2023\/10\/food_cover-1-768x1151.jpg 768w, https:\/\/carlosfranciscoecheverria.com\/wp-content\/uploads\/2023\/10\/food_cover-1.jpg 1000w\" sizes=\"auto, (max-width: 683px) 85vw, 683px\" \/><\/figure>\n\n\n\n<figure class=\"wp-block-image size-full\"><img loading=\"lazy\" decoding=\"async\" width=\"600\" height=\"900\" data-id=\"555\" src=\"https:\/\/carlosfranciscoecheverria.com\/wp-content\/uploads\/2023\/10\/food_back.jpeg\" alt=\"\" class=\"wp-image-555\" srcset=\"https:\/\/carlosfranciscoecheverria.com\/wp-content\/uploads\/2023\/10\/food_back.jpeg 600w, https:\/\/carlosfranciscoecheverria.com\/wp-content\/uploads\/2023\/10\/food_back-200x300.jpeg 200w\" sizes=\"auto, (max-width: 600px) 85vw, 600px\" \/><\/figure>\n<\/figure>\n<\/div><\/div>\n\n\n\n<div style=\"height:39px\" aria-hidden=\"true\" class=\"wp-block-spacer\"><\/div>\n\n\n\n<div class=\"wp-block-buttons is-content-justification-center is-layout-flex wp-container-core-buttons-is-layout-16018d1d wp-block-buttons-is-layout-flex\">\n<div class=\"wp-block-button\"><a class=\"wp-block-button__link has-background wp-element-button\" style=\"background-color:#8dcfcb\">\u00a1DISPONIBLE EN AMAZON!<\/a><\/div>\n<\/div>\n\n\n\n<div style=\"height:39px\" aria-hidden=\"true\" class=\"wp-block-spacer\"><\/div>\n\n\n\n<div class=\"wp-block-columns alignfull is-layout-flex wp-container-core-columns-is-layout-9d6595d7 wp-block-columns-is-layout-flex\">\n<div class=\"wp-block-column is-layout-flow wp-block-column-is-layout-flow\" style=\"flex-basis:50%\">\n<div class=\"wp-block-cover is-light has-custom-content-position is-position-bottom-center\" style=\"min-height:600px;aspect-ratio:unset;\"><span aria-hidden=\"true\" class=\"wp-block-cover__background has-background-dim-0 has-background-dim\" style=\"background-color:#e9f7ef\"><\/span><div class=\"wp-block-cover__inner-container is-layout-flow wp-block-cover-is-layout-flow\"><div class=\"wp-block-image\">\n<figure class=\"aligncenter size-large is-resized\"><img loading=\"lazy\" decoding=\"async\" width=\"723\" height=\"1024\" src=\"https:\/\/carlosfranciscoecheverria.com\/wp-content\/uploads\/2023\/01\/alimentos_portada-723x1024.jpeg\" alt=\"\" class=\"wp-image-482\" style=\"width:322px;height:456px\" srcset=\"https:\/\/carlosfranciscoecheverria.com\/wp-content\/uploads\/2023\/01\/alimentos_portada-723x1024.jpeg 723w, https:\/\/carlosfranciscoecheverria.com\/wp-content\/uploads\/2023\/01\/alimentos_portada-212x300.jpeg 212w, https:\/\/carlosfranciscoecheverria.com\/wp-content\/uploads\/2023\/01\/alimentos_portada-768x1087.jpeg 768w, https:\/\/carlosfranciscoecheverria.com\/wp-content\/uploads\/2023\/01\/alimentos_portada.jpeg 904w\" sizes=\"auto, (max-width: 723px) 85vw, 723px\" \/><figcaption class=\"wp-element-caption\">Una mirada hist\u00f3rica a la degradaci\u00f3n de la alimentaci\u00f3n humana debida a la industrializaci\u00f3n, con propuestas de cambio ante la crisis clim\u00e1tica global. <br><br><strong>Alimentos: La pr\u00f3xima transici\u00f3n<\/strong> ya est\u00e1 disponible <a href=\"https:\/\/a.co\/d\/dVlBLuX\" target=\"_blank\" rel=\"noreferrer noopener\">aqu\u00ed<\/a>. <\/figcaption><\/figure>\n<\/div>\n\n\n<figure class=\"wp-block-video\"><video height=\"352\" style=\"aspect-ratio: 640 \/ 352;\" width=\"640\" controls src=\"https:\/\/carlosfranciscoecheverria.com\/wp-content\/uploads\/2023\/01\/lola_raigon_alimentos.mp4\"><\/video><figcaption class=\"wp-element-caption\"><strong>Dra. Mar\u00eda Dolores Raig\u00f3n, <\/strong>catedr\u00e1tica de la Universidad Polit\u00e9cnica de Valencia, recomienda <strong>Alimentos: La pr\u00f3xima transici\u00f3n<\/strong> en el podcast <a rel=\"noreferrer noopener\" href=\"https:\/\/podcasts.apple.com\/gb\/podcast\/especial-navidad-el-putocrack-club-desde-veles-e-vents\/id1488271259?i=1000591224361\" target=\"_blank\">El PutoCrack Club<\/a>.<\/figcaption><\/figure>\n<\/div><\/div>\n<\/div>\n\n\n\n<div class=\"wp-block-column is-vertically-aligned-center is-layout-flow wp-block-column-is-layout-flow\" style=\"padding-top:1em;padding-right:1em;padding-bottom:1em;padding-left:1em\">\n<div class=\"wp-block-columns is-layout-flex wp-container-core-columns-is-layout-9d6595d7 wp-block-columns-is-layout-flex\">\n<div class=\"wp-block-column is-layout-flow wp-block-column-is-layout-flow\" style=\"flex-basis:320px\">\n<p class=\"has-small-font-size\" style=\"line-height:2.2\">De los grandes retos ambientales que enfrenta la humanidad, el cambio clim\u00e1tico es el que m\u00e1s nos preocupa, por su impacto evidente sobre nuestra calidad de vida y sobre el destino de la especie humana. Por lo pronto, ese proceso es imparable. <br><br>La aspiraci\u00f3n \u00f3ptima que se acord\u00f3 en la conferencia de la ONU sobre cambio clim\u00e1tico en Par\u00eds, en el a\u00f1o 2015, consiste en evitar que el calentamiento global supere 1,5\u00baC en el a\u00f1o 2050. Con ese fin, se insta a los pa\u00edses a reducir sus emisiones de gases GEI, en especial mediante la disminuci\u00f3n del uso de combustibles f\u00f3siles. Lo que no siempre se advierte, sin embargo, es que incluso si logramos, en muy corto plazo, una exitosa transici\u00f3n hacia la energ\u00edas renovables, seguir\u00edamos lejos de alcanzar las metas del Acuerdo de Par\u00eds. Con sus tendencias actuales, <mark style=\"background-color:rgba(0, 0, 0, 0)\" class=\"has-inline-color has-dark-gray-color\">las emisiones procedentes del sector agroalimentario son suficientes, por s\u00ed solas, para hacer que la temperatura global promedio aumente m\u00e1s de 1,5\u00baC hacia el a\u00f1o 2050. <\/mark><br><br>Si cambiamos la forma en que producimos y consumimos alimentos, de manera que cese su impacto negativo sobre los ecosistemas, estaremos contribuyendo a conjurar todo ese conjunto de grandes amenazas ambientales. Pero hay algo m\u00e1s: un cambio en nuestras pr\u00e1cticas agr\u00edcolas y alimentarias puede no solo reducir el da\u00f1o, sino adem\u00e1s <em>revertirlo<\/em>.<\/p>\n<\/div>\n<\/div>\n<\/div>\n<\/div>\n","protected":false},"excerpt":{"rendered":"<p>Modern food systems generate one third of the planet\u2019s greenhouse gas emissions, major biodiversity loss and widespread malnutrition. The world urgently needs a transition towards sustainable and healthier ways to produce food. This book describes how we got to this dire situation, and provides fully documented, science-based strategic outlooks for the future. If you have &hellip; <a href=\"https:\/\/carlosfranciscoecheverria.com\/?page_id=80\" class=\"more-link\">Continue reading<span class=\"screen-reader-text\"> &#8220;Food: The Next Global Transition&#8221;<\/span><\/a><\/p>\n","protected":false},"author":1,"featured_media":0,"parent":0,"menu_order":0,"comment_status":"closed","ping_status":"closed","template":"","meta":{"footnotes":""},"class_list":["post-80","page","type-page","status-publish","hentry"],"_links":{"self":[{"href":"https:\/\/carlosfranciscoecheverria.com\/index.php?rest_route=\/wp\/v2\/pages\/80","targetHints":{"allow":["GET"]}}],"collection":[{"href":"https:\/\/carlosfranciscoecheverria.com\/index.php?rest_route=\/wp\/v2\/pages"}],"about":[{"href":"https:\/\/carlosfranciscoecheverria.com\/index.php?rest_route=\/wp\/v2\/types\/page"}],"author":[{"embeddable":true,"href":"https:\/\/carlosfranciscoecheverria.com\/index.php?rest_route=\/wp\/v2\/users\/1"}],"replies":[{"embeddable":true,"href":"https:\/\/carlosfranciscoecheverria.com\/index.php?rest_route=%2Fwp%2Fv2%2Fcomments&post=80"}],"version-history":[{"count":48,"href":"https:\/\/carlosfranciscoecheverria.com\/index.php?rest_route=\/wp\/v2\/pages\/80\/revisions"}],"predecessor-version":[{"id":626,"href":"https:\/\/carlosfranciscoecheverria.com\/index.php?rest_route=\/wp\/v2\/pages\/80\/revisions\/626"}],"wp:attachment":[{"href":"https:\/\/carlosfranciscoecheverria.com\/index.php?rest_route=%2Fwp%2Fv2%2Fmedia&parent=80"}],"curies":[{"name":"wp","href":"https:\/\/api.w.org\/{rel}","templated":true}]}}